{"id":767,"date":"2024-04-26T15:08:52","date_gmt":"2024-04-26T13:08:52","guid":{"rendered":"https:\/\/www.citykamp.com\/aix-en-provence\/politique-de-protection-des-donnees-personnelles\/"},"modified":"2025-05-27T12:15:18","modified_gmt":"2025-05-27T10:15:18","slug":"datenschutzrichtlinie-fuer-personenbezogene-daten","status":"publish","type":"page","link":"https:\/\/www.camping-lac-saint-pardoux.fr\/de\/datenschutzrichtlinie-fuer-personenbezogene-daten\/","title":{"rendered":"Datenschutzrichtlinie f\u00fcr personenbezogene Daten"},"content":{"rendered":"<div class=\"wpb-content-wrapper\"><p>[vc_row][vc_column]<div class=\"wrappedcontent\">[vc_empty_space height=&#8220;65px&#8220;][vc_column_text css=&#8220;&#8220;]<\/p>\n<p style=\"text-align: center;\"><span style=\"font-size: 16pt; color: #00a79f;\"><strong>Datenschutzrichtlinie f\u00fcr personenbezogene Daten<\/strong><\/span><\/p>\n<p style=\"text-align: center;\">Huttopia ist der Schutz der Privatsph\u00e4re seiner Kunden wichtig.<br \/>\nAus diesem Grund haben wir in \u00dcbereinstimmung mit den geltenden Datenschutzbestimmungen, insbesondere der europ\u00e4ischen Datenschutz-Grundverordnung (DSGVO), einen Datenschutzbeauftragten ernannt und tun alles daf\u00fcr, die Empfehlungen der nationalen Datenschutzbeh\u00f6rde Frankreichs (CNIL) umzusetzen.<\/p>\n<p style=\"text-align: center;\"><strong>Wir verarbeiten die Daten unserer Nutzer, Kunden oder Interessenten mit folgenden Merkmalen:<\/strong><\/p>\n<p>[\/vc_column_text]<\/div>[\/vc_column][\/vc_row][vc_row css=&#8220;.vc_custom_1714136619872{background-color: #e8e8e8 !important;}&#8220;][vc_column]<div class=\"wrappedcontent\">[vc_column_text css=&#8220;&#8220;]<span style=\"color: #00a79f; font-size: 14pt;\"><strong>1. Gesammelte Informationen<\/strong><\/span><\/p>\n<p>Die auf dieser Website gesammelten pers\u00f6nlichen Daten lauten wie folgt:<\/p>\n<p><strong>Konto erstellen:<\/strong> Beim Erstellen des Benutzerkontos dessen Nachname, Vorname, E-Mail-Adresse.<br \/>\n<strong>Verbindung:<\/strong> Wenn der Benutzer eine Verbindung zur Site herstellt, registriert er insbesondere seinen Namen, seinen Vornamen, seine Verbindung, seine Nutzung und seine Standortdaten.<br \/>\n<strong>Profil:<\/strong> Durch die Nutzung der auf der Website angebotenen Dienste ist es m\u00f6glich, ein Profil zu erstellen, das eine Adresse und eine Telefonnummer enthalten kann.<br \/>\n<strong>Zahlung:<\/strong> Im Rahmen der Zahlung f\u00fcr auf der Website angebotene Produkte und Dienstleistungen zeichnet die Website Finanzinformationen auf, die sich auf das Bankkonto oder die Kreditkarte des Benutzers beziehen.<br \/>\n<strong>Cookies:<\/strong> Cookies sind f\u00fcr das ordnungsgem\u00e4\u00dfe Funktionieren der Webseite unerl\u00e4sslich und erm\u00f6glichen es dem Nutzer, sein Surferlebnis zu verbessern, bestimmte Sharing-Funktionen in sozialen Netzwerken zu nutzen und Zugang zu Inhalten und Werbung zu erhalten, die auf seinen Interessenschwerpunkten basieren.<br \/>\nEinige Cookies sind f\u00fcr den Betrieb der Webseite unerl\u00e4sslich und werden automatisch installiert. Der Nutzer kann beim ersten Aufrufen der Webseite die Installation nicht notwendiger Cookies, f\u00fcr die seine Zustimmung erforderlich ist, akzeptieren oder verweigern. Der Nutzer kann seine Cookie-Pr\u00e4ferenzen jederzeit \u00e4ndern, indem er auf den Link \u201eZustimmung verwalten\u201c klickt, der sich auf den meisten unserer Webseiten im untersten Teil der Seite befindet.[\/vc_column_text]<\/div>[\/vc_column][\/vc_row][vc_row][vc_column]<div class=\"wrappedcontent\">[vc_column_text css=&#8220;&#8220;]<span style=\"color: #00a79f; font-size: 14pt;\"><strong>2. Zweck der Verarbeitung<\/strong><\/span><\/p>\n<p>Die von den Benutzern gesammelten pers\u00f6nlichen Informationen sollen die Dienste der Website bereitstellen und verbessern und eine sichere Umgebung gew\u00e4hrleisten. Insbesondere sind die Anwendungen wie folgt:<\/p>\n<p>&#8211; Zugang und Nutzung der Website durch den Benutzer;<br \/>\n&#8211; Verwaltung des Betriebs und Optimierung des Standorts;<br \/>\n&#8211; \u00dcberpr\u00fcfung, Identifizierung und Authentifizierung der vom Benutzer gesendeten Daten;<br \/>\n&#8211; Implementierung der Benutzerunterst\u00fctzung;<br \/>\n&#8211; Personalisierung von Diensten durch Anzeige von Werbung basierend auf dem Browserverlauf des Benutzers gem\u00e4\u00df seinen Pr\u00e4ferenzen;<br \/>\n&#8211; Verh\u00fctung und Aufdeckung von Betrug, Malware (b\u00f6sartige Software) und Verwaltung von Sicherheitsvorf\u00e4llen;<br \/>\n&#8211; Verwaltung von Streitigkeiten mit Benutzern;<br \/>\n&#8211; Senden von Werbe- und Werbeinformationen basierend auf den Benutzerpr\u00e4ferenzen.[\/vc_column_text]<\/div>[\/vc_column][\/vc_row][vc_row css=&#8220;.vc_custom_1714136626907{background-color: #e8e8e8 !important;}&#8220;][vc_column]<div class=\"wrappedcontent\">[vc_column_text css=&#8220;&#8220;]<span style=\"color: #00a79f; font-size: 14pt;\"><strong>3. Aufbewahrungsfrist<\/strong><\/span><\/p>\n<p>Personenbezogene Daten werden f\u00fcr einen begrenzten Zeitraum gespeichert, der nicht l\u00e4nger als zur Erhebung erforderlich ist.[\/vc_column_text]<\/div>[\/vc_column][\/vc_row][vc_row][vc_column]<div class=\"wrappedcontent\">[vc_column_text css=&#8220;&#8220;]<span style=\"color: #00a79f; font-size: 14pt;\"><strong>4. Rechtsgrundlage<\/strong><\/span><\/p>\n<p>Die Rechtsgrundlage, die beibehalten wird, gilt f\u00fcr die nachstehende Verarbeitung:<br \/>\n&#8211; <strong>Interessenten verwalten:<\/strong> das berechtigte Interesse<br \/>\n&#8211; <strong>Registrierung und Verwaltung des Newsletters:<\/strong> Erlaubnis<br \/>\n&#8211; <strong>Analyse des Kaufverhaltens:<\/strong> berechtigtes Interesse<br \/>\n&#8211; <strong>Verwaltung eines Aufenthalts<\/strong>\u00a0(Reservierung, Rechnungsstellung): notwendig f\u00fcr die Vertragserf\u00fcllung<br \/>\n&#8211; <strong>Kundenzufriedenheit:<\/strong> das berechtigte Interesse[\/vc_column_text]<\/div>[\/vc_column][\/vc_row][vc_row css=&#8220;.vc_custom_1714136782093{background-color: #e8e8e8 !important;}&#8220;][vc_column]<div class=\"wrappedcontent\">[vc_column_text css=&#8220;&#8220;]<span style=\"color: #00a79f; font-size: 14pt;\"><strong>5. Weitergabe personenbezogener Daten an Dritte<\/strong><\/span><\/p>\n<p>Personenbezogene Daten k\u00f6nnen in folgenden F\u00e4llen an externe Unternehmen weitergegeben werden:<\/p>\n<p>&#8211; Wenn der Benutzer Zahlungsdienste nutzt, steht die Website in Kontakt mit Bank- und Finanzunternehmen von Drittanbietern, mit denen er Vertr\u00e4ge \u00fcber die Erbringung dieser Dienste abgeschlossen hat.<br \/>\n&#8211; Wenn der Benutzer Informationen ver\u00f6ffentlicht, die der \u00d6ffentlichkeit in den kostenlosen Kommentarbereichen der Website zug\u00e4nglich sind;<br \/>\n&#8211; Wenn der Benutzer der Website eines Dritten die Erlaubnis erteilt, auf seine Daten zuzugreifen;<br \/>\n&#8211; Wenn die Website die Dienste von Anbietern nutzt, um Benutzerunterst\u00fctzung, Werbung und Zahlungsdienste bereitzustellen. Diese Diensteanbieter haben im Rahmen der Erbringung dieser Dienste nur eingeschr\u00e4nkten Zugriff auf Benutzerdaten und sind vertraglich verpflichtet, diese gem\u00e4\u00df den Bestimmungen der geltenden Datenschutzbestimmungen zu nutzen.<br \/>\n&#8211; Wenn dies gesetzlich vorgeschrieben ist, kann die Website Daten \u00fcbermitteln, um Beschwerden gegen die Website nachzuverfolgen und administrative und rechtliche Verfahren einzuhalten.<br \/>\n&#8211; Wenn der Standort an einer Fusion, einem Erwerb, einem Verkauf oder einer Umstrukturierung von Verm\u00f6genswerten beteiligt ist, muss er m\u00f6glicherweise alle oder einen Teil seiner Verm\u00f6genswerte, einschlie\u00dflich personenbezogener Daten, verkaufen oder teilen. In diesem Fall werden die Benutzer informiert, bevor personenbezogene Daten an Dritte weitergegeben werden.[\/vc_column_text]<\/div>[\/vc_column][\/vc_row][vc_row][vc_column]<div class=\"wrappedcontent\">[vc_column_text css=&#8220;&#8220;]<span style=\"color: #00a79f; font-size: 14pt;\"><strong>6. \u00dcbermittlung personenbezogener Daten<\/strong><\/span><\/p>\n<p>Die auf dieser Website gesammelten Daten werden nicht au\u00dferhalb der Europ\u00e4ischen Union gesendet.<br \/>\nWenn der Benutzer jedoch einen Aufenthalt in den USA und \/ oder Kanada buchen m\u00f6chte, gelten die Verkaufsbedingungen der Website https:\/\/canada-usa.huttopia.com\/.<\/p>\n<p>In den Vereinigten Staaten ist zu beachten, dass der Datenschutzschild seit dem 16. Juli 2020 vom Europ\u00e4ischen Gerichtshof f\u00fcr ung\u00fcltig erkl\u00e4rt wurde, dh. nicht mehr als rechtlicher Rahmen anerkannt wird, der den angemessenen Schutz personenbezogener Daten gew\u00e4hrleistet .<\/p>\n<p>In Kanada und in der Provinz Quebec werden personenbezogene Daten gem\u00e4\u00df dem Bundesgesetz zum Schutz personenbezogener Daten und elektronischer Dokumente (PIPEDA) und dem Gesetz von Quebec zum Schutz personenbezogener Daten im privaten Sektor verwendet.<\/p>\n<p>Huttopia informiert Sie dar\u00fcber, dass es unabh\u00e4ngig vom rechtlichen Rahmen weltweit das gleiche Ma\u00df an Schutz personenbezogener Daten implementiert.[\/vc_column_text]<\/div>[\/vc_column][\/vc_row][vc_row css=&#8220;.vc_custom_1714136822822{background-color: #e8e8e8 !important;}&#8220;][vc_column]<div class=\"wrappedcontent\">[vc_column_text css=&#8220;&#8220;]<span style=\"color: #00a79f; font-size: 14pt;\"><strong>7. Sicherheit und Vertraulichkeit<\/strong><\/span><\/p>\n<p>Die Website implementiert organisatorische, technische, Software- und physische Ma\u00dfnahmen in Bezug auf die digitale Sicherheit, um personenbezogene Daten vor \u00c4nderungen, Zerst\u00f6rung und unbefugtem Zugriff zu sch\u00fctzen. Es ist jedoch zu beachten, dass das Internet keine vollst\u00e4ndig sichere Umgebung ist und die Website die Sicherheit der \u00dcbertragung oder Speicherung von Informationen im Internet nicht garantieren kann.[\/vc_column_text]<\/div>[\/vc_column][\/vc_row][vc_row][vc_column]<div class=\"wrappedcontent\">[vc_column_text css=&#8220;&#8220;]<span style=\"color: #00a79f; font-size: 14pt;\"><strong>8. Umsetzung der Rechte der betroffenen Personen<\/strong><\/span><\/p>\n<p>Sie haben eine Reihe von gesetzlichen Rechten in Bezug auf Ihre pers\u00f6nlichen Daten. F\u00fcr weitere Informationen und Ratschl\u00e4ge zu Ihren Rechten wenden Sie sich bitte an die zust\u00e4ndige Datenschutzbeh\u00f6rde in Ihrem Land (in Frankreich an die Kommission Nationale Informatique et Libert\u00e9s (CNIL: https:\/\/www.cnil.fr\/).<\/p>\n<p><strong>1- Das Recht auf Information \u2013<\/strong> Sie haben das Recht, klare, transparente und leicht verst\u00e4ndliche Informationen dar\u00fcber zu erhalten, wie wir Ihre Daten und Ihre Rechte verwenden. Aus diesem Grund teilen wir Ihnen diese Informationen \u00fcber diese Datenschutzrichtlinie mit.<\/p>\n<p><strong>2- Recht auf Zugriff \u2013<\/strong> Sie haben das Recht auf Zugriff auf Ihre Informationen (sofern wir diese verarbeiten) und bestimmte andere Dinge (wie die hier bereitgestellten). Ziel ist es, dass Sie gut informiert sind und \u00fcberpr\u00fcfen k\u00f6nnen, ob wir Ihre Daten in \u00dcbereinstimmung mit dem Datenschutzgesetz verwenden.<\/p>\n<p><strong>3- Das Recht auf Berichtigung \u2013<\/strong> Sie haben das Recht, Ihre Angaben korrigieren zu lassen, wenn sie falsch oder unvollst\u00e4ndig sind.<\/p>\n<p><strong>4- Das Recht auf L\u00f6schung \u2013<\/strong> Dieses Recht wird auch als \u201eRecht auf Vergessenwerden\u201c bezeichnet. In einfachen Worten k\u00f6nnen Sie die L\u00f6schung Ihrer Daten anfordern, sofern diese vorhanden sind. Dies ist jedoch kein allgemeines Recht zum L\u00f6schen von Daten, und es gibt Ausnahmen.<\/p>\n<p><strong>5- Das Recht auf Einschr\u00e4nkung der Verarbeitung \u2013<\/strong> Sie haben das Recht, die weitere Verwendung Ihrer Daten zu &#8222;blockieren&#8220; oder zu l\u00f6schen. Wenn die Verarbeitung begrenzt ist, k\u00f6nnen wir sie speichern, aber nicht weiter verwenden. Wir f\u00fchren die Liste der Personen, die beantragt haben, von der weiteren Verwendung ihrer Daten ausgeschlossen zu werden, um die Einhaltung der restriktiven Ma\u00dfnahme sicherzustellen.<\/p>\n<p><strong>6- Das Recht auf Daten\u00fcbertragbarkeit \u2013<\/strong> Sie haben das Recht, Ihre pers\u00f6nlichen Daten f\u00fcr Ihre eigenen Zwecke und f\u00fcr andere Dienste zu erhalten und wiederzuverwenden. Auf diese Weise k\u00f6nnen Sie sie einfach verschieben, kopieren oder sicher zwischen unseren Computersystemen und Dritten \u00fcbertragen, ohne deren Benutzerfreundlichkeit zu beeintr\u00e4chtigen.<\/p>\n<p><strong>7- Widerspruchsrecht \u2013<\/strong> Sie haben das Recht, bestimmten Arten der Verarbeitung zu widersprechen, einschlie\u00dflich der Verarbeitung f\u00fcr direkte kommerzielle Zwecke (was nur mit Ihrer Zustimmung m\u00f6glich ist).<\/p>\n<p><strong>8- Beschwerderecht \u2013<\/strong> Sie haben das Recht, sich \u00fcber die Art und Weise, wie wir Ihre personenbezogenen Daten verarbeiten oder verwalten, bei der zust\u00e4ndigen nationalen zust\u00e4ndigen Beh\u00f6rde (in Frankreich der Kommission Nationale Informatique et Libert\u00e9s (CNIL: https: \/\/www.cnil.fr) zu beschweren \/).<\/p>\n<p><strong>9- Das Recht, Ihre Einwilligung zu widerrufen \u2013<\/strong> Wenn Sie der Verarbeitung oder Verwendung Ihrer pers\u00f6nlichen Daten zugestimmt haben, k\u00f6nnen Sie diese jederzeit widerrufen (obwohl dies in diesem Fall nicht bedeutet, dass wir mit Ihrer Einwilligung einverstanden sind bis zu diesem Datum war illegal.). Dies schlie\u00dft Ihr Recht ein, Ihre Zustimmung zur Verwendung Ihrer personenbezogenen Daten f\u00fcr kommerzielle Zwecke zu widerrufen.<\/p>\n<p>Wir reagieren auf Anfragen und stellen Informationen kostenlos zur Verf\u00fcgung. Im Falle einer wiederholten Anfrage k\u00f6nnen wir jedoch eine angemessene Geb\u00fchr zur Deckung unserer Verwaltungskosten erheben.<\/p>\n<p>Wir haben m\u00f6glicherweise auch das Recht, die Bearbeitung einer Anfrage zu verweigern. Bitte \u00fcberpr\u00fcfen Sie Ihre Bewerbung verantwortungsbewusst, bevor Sie sie einreichen. Wir werden so schnell wie m\u00f6glich antworten, normalerweise innerhalb eines Monats ab dem Datum des Eingangs. Wenn die Bearbeitung der Anfrage jedoch l\u00e4nger dauert, werden wir Sie dar\u00fcber informieren.<\/p>\n<p><strong>Um uns bez\u00fcglich des Schutzes personenbezogener Daten zu kontaktieren:<\/strong><\/p>\n<p>Per E-Mail an folgende Adresse: data.privacy@huttopia.com<br \/>\nPer Post: HUTTOPIA, f\u00fcr die Aufmerksamkeit des Datenschutzbeauftragten rue du Chapoly 69290 Saint Genis les Olli\u00e8res.[\/vc_column_text]<\/div>[\/vc_column][\/vc_row][vc_row][vc_column]<div class=\"wrappedcontent\">[vc_column_text css=&#8220;&#8220;]<span style=\"color: #00a79f; font-size: 14pt;\"><strong>9. Weiterentwicklung dieser Politik<\/strong><\/span><\/p>\n<p>Huttopia SA beh\u00e4lt sich das Recht vor, diese Richtlinie in Bezug auf den Schutz personenbezogener Daten jederzeit zu \u00e4ndern. Wenn diese Richtlinie in Bezug auf den Schutz personenbezogener Daten ge\u00e4ndert wird, verpflichtet sich Huttopia NV, die neue Version auf seiner Website zu ver\u00f6ffentlichen.[\/vc_column_text]<\/div>[\/vc_column][\/vc_row]<\/p>\n<\/div>","protected":false},"excerpt":{"rendered":"<p>[vc_row][vc_column][\/vc_column][\/vc_row][vc_row css=&#8220;.vc_custom_1714136619872{background-color: #e8e8e8 !important;}&#8220;][vc_column][\/vc_column][\/vc_row][vc_row][vc_column][\/vc_column][\/vc_row][vc_row css=&#8220;.vc_custom_1714136626907{background-color: #e8e8e8 !important;}&#8220;][vc_column][\/vc_column][\/vc_row][vc_row][vc_column][\/vc_column][\/vc_row][vc_row css=&#8220;.vc_custom_1714136782093{background-color: #e8e8e8 !important;}&#8220;][vc_column][\/vc_column][\/vc_row][vc_row][vc_column][\/vc_column][\/vc_row][vc_row css=&#8220;.vc_custom_1714136822822{background-color: #e8e8e8 !important;}&#8220;][vc_column][\/vc_column][\/vc_row][vc_row][vc_column][\/vc_column][\/vc_row][vc_row][vc_column][\/vc_column][\/vc_row]<\/p>\n","protected":false},"author":4,"featured_media":0,"parent":0,"menu_order":0,"comment_status":"closed","ping_status":"closed","template":"","meta":{"footnotes":""},"class_list":["post-767","page","type-page","status-publish","hentry"],"yoast_head":"<!-- This site is optimized with the Yoast SEO plugin v25.6 - https:\/\/yoast.com\/wordpress\/plugins\/seo\/ -->\n<title>Datenschutzrichtlinie f\u00fcr personenbezogene Daten - Lac Saint Pardoux<\/title>\n<meta name=\"robots\" content=\"index, follow, max-snippet:-1, max-image-preview:large, max-video-preview:-1\" \/>\n<link rel=\"canonical\" href=\"https:\/\/www.camping-lac-saint-pardoux.fr\/de\/datenschutzrichtlinie-fuer-personenbezogene-daten\/\" \/>\n<meta property=\"og:locale\" content=\"de_DE\" \/>\n<meta property=\"og:type\" content=\"article\" \/>\n<meta property=\"og:title\" content=\"Datenschutzrichtlinie f\u00fcr personenbezogene Daten - Lac Saint Pardoux\" \/>\n<meta property=\"og:description\" content=\"[vc_row][vc_column][\/vc_column][\/vc_row][vc_row css=&#8220;.vc_custom_1714136619872{background-color: #e8e8e8 !important;}&#8220;][vc_column][\/vc_column][\/vc_row][vc_row][vc_column][\/vc_column][\/vc_row][vc_row css=&#8220;.vc_custom_1714136626907{background-color: #e8e8e8 !important;}&#8220;][vc_column][\/vc_column][\/vc_row][vc_row][vc_column][\/vc_column][\/vc_row][vc_row css=&#8220;.vc_custom_1714136782093{background-color: #e8e8e8 !important;}&#8220;][vc_column][\/vc_column][\/vc_row][vc_row][vc_column][\/vc_column][\/vc_row][vc_row css=&#8220;.vc_custom_1714136822822{background-color: #e8e8e8 !important;}&#8220;][vc_column][\/vc_column][\/vc_row][vc_row][vc_column][\/vc_column][\/vc_row][vc_row][vc_column][\/vc_column][\/vc_row]\" \/>\n<meta property=\"og:url\" content=\"https:\/\/www.camping-lac-saint-pardoux.fr\/de\/datenschutzrichtlinie-fuer-personenbezogene-daten\/\" \/>\n<meta property=\"og:site_name\" content=\"Lac Saint Pardoux\" \/>\n<meta property=\"article:modified_time\" content=\"2025-05-27T10:15:18+00:00\" \/>\n<meta name=\"twitter:card\" content=\"summary_large_image\" \/>\n<meta name=\"twitter:label1\" content=\"Est. reading time\" \/>\n\t<meta name=\"twitter:data1\" content=\"8 Minuten\" \/>\n<script type=\"application\/ld+json\" class=\"yoast-schema-graph\">{\"@context\":\"https:\/\/schema.org\",\"@graph\":[{\"@type\":\"WebPage\",\"@id\":\"https:\/\/www.camping-lac-saint-pardoux.fr\/de\/datenschutzrichtlinie-fuer-personenbezogene-daten\/\",\"url\":\"https:\/\/www.camping-lac-saint-pardoux.fr\/de\/datenschutzrichtlinie-fuer-personenbezogene-daten\/\",\"name\":\"Datenschutzrichtlinie f\u00fcr personenbezogene Daten - Lac Saint Pardoux\",\"isPartOf\":{\"@id\":\"https:\/\/www.camping-lac-saint-pardoux.fr\/de\/#website\"},\"datePublished\":\"2024-04-26T13:08:52+00:00\",\"dateModified\":\"2025-05-27T10:15:18+00:00\",\"breadcrumb\":{\"@id\":\"https:\/\/www.camping-lac-saint-pardoux.fr\/de\/datenschutzrichtlinie-fuer-personenbezogene-daten\/#breadcrumb\"},\"inLanguage\":\"de-DE\",\"potentialAction\":[{\"@type\":\"ReadAction\",\"target\":[\"https:\/\/www.camping-lac-saint-pardoux.fr\/de\/datenschutzrichtlinie-fuer-personenbezogene-daten\/\"]}]},{\"@type\":\"BreadcrumbList\",\"@id\":\"https:\/\/www.camping-lac-saint-pardoux.fr\/de\/datenschutzrichtlinie-fuer-personenbezogene-daten\/#breadcrumb\",\"itemListElement\":[{\"@type\":\"ListItem\",\"position\":1,\"name\":\"Home\",\"item\":\"https:\/\/www.camping-lac-saint-pardoux.fr\/de\/\"},{\"@type\":\"ListItem\",\"position\":2,\"name\":\"Datenschutzrichtlinie f\u00fcr personenbezogene Daten\"}]},{\"@type\":\"WebSite\",\"@id\":\"https:\/\/www.camping-lac-saint-pardoux.fr\/de\/#website\",\"url\":\"https:\/\/www.camping-lac-saint-pardoux.fr\/de\/\",\"name\":\"Lac Saint Pardoux\",\"description\":\"\",\"potentialAction\":[{\"@type\":\"SearchAction\",\"target\":{\"@type\":\"EntryPoint\",\"urlTemplate\":\"https:\/\/www.camping-lac-saint-pardoux.fr\/de\/?s={search_term_string}\"},\"query-input\":{\"@type\":\"PropertyValueSpecification\",\"valueRequired\":true,\"valueName\":\"search_term_string\"}}],\"inLanguage\":\"de-DE\"}]}<\/script>\n<!-- \/ Yoast SEO plugin. -->","yoast_head_json":{"title":"Datenschutzrichtlinie f\u00fcr personenbezogene Daten - Lac Saint Pardoux","robots":{"index":"index","follow":"follow","max-snippet":"max-snippet:-1","max-image-preview":"max-image-preview:large","max-video-preview":"max-video-preview:-1"},"canonical":"https:\/\/www.camping-lac-saint-pardoux.fr\/de\/datenschutzrichtlinie-fuer-personenbezogene-daten\/","og_locale":"de_DE","og_type":"article","og_title":"Datenschutzrichtlinie f\u00fcr personenbezogene Daten - Lac Saint Pardoux","og_description":"[vc_row][vc_column][\/vc_column][\/vc_row][vc_row css=&#8220;.vc_custom_1714136619872{background-color: #e8e8e8 !important;}&#8220;][vc_column][\/vc_column][\/vc_row][vc_row][vc_column][\/vc_column][\/vc_row][vc_row css=&#8220;.vc_custom_1714136626907{background-color: #e8e8e8 !important;}&#8220;][vc_column][\/vc_column][\/vc_row][vc_row][vc_column][\/vc_column][\/vc_row][vc_row css=&#8220;.vc_custom_1714136782093{background-color: #e8e8e8 !important;}&#8220;][vc_column][\/vc_column][\/vc_row][vc_row][vc_column][\/vc_column][\/vc_row][vc_row css=&#8220;.vc_custom_1714136822822{background-color: #e8e8e8 !important;}&#8220;][vc_column][\/vc_column][\/vc_row][vc_row][vc_column][\/vc_column][\/vc_row][vc_row][vc_column][\/vc_column][\/vc_row]","og_url":"https:\/\/www.camping-lac-saint-pardoux.fr\/de\/datenschutzrichtlinie-fuer-personenbezogene-daten\/","og_site_name":"Lac Saint Pardoux","article_modified_time":"2025-05-27T10:15:18+00:00","twitter_card":"summary_large_image","twitter_misc":{"Est. reading time":"8 Minuten"},"schema":{"@context":"https:\/\/schema.org","@graph":[{"@type":"WebPage","@id":"https:\/\/www.camping-lac-saint-pardoux.fr\/de\/datenschutzrichtlinie-fuer-personenbezogene-daten\/","url":"https:\/\/www.camping-lac-saint-pardoux.fr\/de\/datenschutzrichtlinie-fuer-personenbezogene-daten\/","name":"Datenschutzrichtlinie f\u00fcr personenbezogene Daten - Lac Saint Pardoux","isPartOf":{"@id":"https:\/\/www.camping-lac-saint-pardoux.fr\/de\/#website"},"datePublished":"2024-04-26T13:08:52+00:00","dateModified":"2025-05-27T10:15:18+00:00","breadcrumb":{"@id":"https:\/\/www.camping-lac-saint-pardoux.fr\/de\/datenschutzrichtlinie-fuer-personenbezogene-daten\/#breadcrumb"},"inLanguage":"de-DE","potentialAction":[{"@type":"ReadAction","target":["https:\/\/www.camping-lac-saint-pardoux.fr\/de\/datenschutzrichtlinie-fuer-personenbezogene-daten\/"]}]},{"@type":"BreadcrumbList","@id":"https:\/\/www.camping-lac-saint-pardoux.fr\/de\/datenschutzrichtlinie-fuer-personenbezogene-daten\/#breadcrumb","itemListElement":[{"@type":"ListItem","position":1,"name":"Home","item":"https:\/\/www.camping-lac-saint-pardoux.fr\/de\/"},{"@type":"ListItem","position":2,"name":"Datenschutzrichtlinie f\u00fcr personenbezogene Daten"}]},{"@type":"WebSite","@id":"https:\/\/www.camping-lac-saint-pardoux.fr\/de\/#website","url":"https:\/\/www.camping-lac-saint-pardoux.fr\/de\/","name":"Lac Saint Pardoux","description":"","potentialAction":[{"@type":"SearchAction","target":{"@type":"EntryPoint","urlTemplate":"https:\/\/www.camping-lac-saint-pardoux.fr\/de\/?s={search_term_string}"},"query-input":{"@type":"PropertyValueSpecification","valueRequired":true,"valueName":"search_term_string"}}],"inLanguage":"de-DE"}]}},"_links":{"self":[{"href":"https:\/\/www.camping-lac-saint-pardoux.fr\/de\/wp-json\/wp\/v2\/pages\/767","targetHints":{"allow":["GET"]}}],"collection":[{"href":"https:\/\/www.camping-lac-saint-pardoux.fr\/de\/wp-json\/wp\/v2\/pages"}],"about":[{"href":"https:\/\/www.camping-lac-saint-pardoux.fr\/de\/wp-json\/wp\/v2\/types\/page"}],"author":[{"embeddable":true,"href":"https:\/\/www.camping-lac-saint-pardoux.fr\/de\/wp-json\/wp\/v2\/users\/4"}],"replies":[{"embeddable":true,"href":"https:\/\/www.camping-lac-saint-pardoux.fr\/de\/wp-json\/wp\/v2\/comments?post=767"}],"version-history":[{"count":3,"href":"https:\/\/www.camping-lac-saint-pardoux.fr\/de\/wp-json\/wp\/v2\/pages\/767\/revisions"}],"predecessor-version":[{"id":4725,"href":"https:\/\/www.camping-lac-saint-pardoux.fr\/de\/wp-json\/wp\/v2\/pages\/767\/revisions\/4725"}],"wp:attachment":[{"href":"https:\/\/www.camping-lac-saint-pardoux.fr\/de\/wp-json\/wp\/v2\/media?parent=767"}],"curies":[{"name":"wp","href":"https:\/\/api.w.org\/{rel}","templated":true}]}}